{"id":1805,"date":"2018-02-07T19:02:08","date_gmt":"2018-02-07T19:02:08","guid":{"rendered":"http:\/\/www.camaraguaranesia.mg.gov.br\/site\/?page_id=1805"},"modified":"2018-02-07T19:02:08","modified_gmt":"2018-02-07T19:02:08","slug":"convenios","status":"publish","type":"page","link":"https:\/\/camaraguaranesia.mg.gov.br\/site\/convenios\/","title":{"rendered":"Conv\u00eanios"},"content":{"rendered":"<p>No momento a C\u00e2mara Municipal de Guaran\u00e9sia n\u00e3o celebra nenhum conv\u00eanio.<\/p>\n","protected":false},"excerpt":{"rendered":"<p>No momento a C\u00e2mara Municipal de Guaran\u00e9sia n\u00e3o celebra nenhum conv\u00eanio.<\/p>\n","protected":false},"author":1,"featured_media":0,"parent":0,"menu_order":0,"comment_status":"closed","ping_status":"closed","template":"","meta":[],"_links":{"self":[{"href":"https:\/\/camaraguaranesia.mg.gov.br\/site\/wp-json\/wp\/v2\/pages\/1805"}],"collection":[{"href":"https:\/\/camaraguaranesia.mg.gov.br\/site\/wp-json\/wp\/v2\/pages"}],"about":[{"href":"https:\/\/camaraguaranesia.mg.gov.br\/site\/wp-json\/wp\/v2\/types\/page"}],"author":[{"embeddable":true,"href":"https:\/\/camaraguaranesia.mg.gov.br\/site\/wp-json\/wp\/v2\/users\/1"}],"replies":[{"embeddable":true,"href":"https:\/\/camaraguaranesia.mg.gov.br\/site\/wp-json\/wp\/v2\/comments?post=1805"}],"version-history":[{"count":1,"href":"https:\/\/camaraguaranesia.mg.gov.br\/site\/wp-json\/wp\/v2\/pages\/1805\/revisions"}],"predecessor-version":[{"id":1806,"href":"https:\/\/camaraguaranesia.mg.gov.br\/site\/wp-json\/wp\/v2\/pages\/1805\/revisions\/1806"}],"wp:attachment":[{"href":"https:\/\/camaraguaranesia.mg.gov.br\/site\/wp-json\/wp\/v2\/media?parent=1805"}],"curies":[{"name":"wp","href":"https:\/\/api.w.org\/{rel}","templated":true}]}}