{"id":2,"date":"2015-11-16T17:18:34","date_gmt":"2015-11-16T17:18:34","guid":{"rendered":"http:\/\/www.camaraguaranesia.mg.gov.br\/site\/?page_id=2"},"modified":"2023-08-14T19:30:39","modified_gmt":"2023-08-14T19:30:39","slug":"pagina-exemplo","status":"publish","type":"page","link":"https:\/\/camaraguaranesia.mg.gov.br\/site\/pagina-exemplo\/","title":{"rendered":"Contato"},"content":{"rendered":"<table class=\"contentpaneopen\" border=\"0\" width=\"100%\" cellspacing=\"0\" cellpadding=\"0\">\n<tbody>\n<tr>\n<td class=\"contentheading\" width=\"100%\">Fale com a C\u00e2mara<\/td>\n<\/tr>\n<tr>\n<td>\n<table border=\"0\" width=\"100%\">\n<tbody>\n<tr>\n<td><\/td>\n<td rowspan=\"2\" align=\"right\" valign=\"top\">\n<div><img src=\"http:\/\/www.camaraguaranesia.mg.gov.br\/cmunicipalguara\/CMG\/images\/stories\/brasao.png\" alt=\"Contato\" align=\"middle\" \/><\/div>\n<\/td>\n<\/tr>\n<tr>\n<td>\n<table border=\"0\" width=\"100%\" cellspacing=\"0\" cellpadding=\"0\">\n<tbody>\n<tr>\n<td rowspan=\"6\" valign=\"top\" width=\"40\"><img src=\"http:\/\/www.camaraguaranesia.mg.gov.br\/cmunicipalguara\/CMG\/images\/M_images\/con_address.png\" alt=\"Endere\u00e7o: \" \/><\/td>\n<\/tr>\n<tr>\n<td valign=\"top\">Pra\u00e7a Dona Sinh\u00e1, 269<br \/>\nCentro<\/td>\n<\/tr>\n<tr>\n<td valign=\"top\">Guaran\u00e9sia<\/td>\n<\/tr>\n<tr>\n<td valign=\"top\">Minas Gerais<\/td>\n<\/tr>\n<tr>\n<td valign=\"top\">37.810-000<\/td>\n<\/tr>\n<tr>\n<td valign=\"top\"><\/td>\n<\/tr>\n<\/tbody>\n<\/table>\n<table border=\"0\" width=\"100%\" cellspacing=\"0\" cellpadding=\"0\">\n<tbody>\n<tr>\n<td width=\"40\"><img src=\"http:\/\/www.camaraguaranesia.mg.gov.br\/cmunicipalguara\/CMG\/templates\/temadigitalcamara20132\/images\/emailButton.png\" alt=\"E-mail: \" \/><\/td>\n<td><a href=\"mailto:camaraguaranesia.asjur@hotmail.com\">camaraguaranesia@gmail.com.br<\/a><\/td>\n<\/tr>\n<tr>\n<td width=\"40\"><img src=\"http:\/\/www.camaraguaranesia.mg.gov.br\/cmunicipalguara\/CMG\/images\/M_images\/con_tel.png\" alt=\"Telefone: \" \/><\/td>\n<td>(35) 3555-1349<\/td>\n<\/tr>\n<tr>\n<td width=\"40\"><\/td>\n<td><a href=\"http:\/\/www.camaraguaranesia.mg.gov.br\" target=\"_blank\" rel=\"noopener\"> http:\/\/www.camaraguaranesia.mg.gov.br<\/a><\/p>\n<p><a href=\"https:\/\/www.facebook.com\/camaraguaranesia\/\" target=\"_blank\" rel=\"noopener\">https:\/\/www.facebook.com\/camaraguaranesia\/<\/a><\/p>\n<p><a href=\"https:\/\/www.instagram.com\/camaraguaranesia\/\" target=\"_blank\" rel=\"noopener\">https:\/\/www.instagram.com\/camaraguaranesia\/<\/a><\/td>\n<\/tr>\n<\/tbody>\n<\/table>\n<table border=\"0\" width=\"100%\" cellspacing=\"0\" cellpadding=\"0\">\n<tbody>\n<tr>\n<td valign=\"top\" width=\"40\"><img src=\"http:\/\/www.camaraguaranesia.mg.gov.br\/cmunicipalguara\/CMG\/images\/M_images\/con_info.png\" alt=\"Informa\u00e7\u00e3o: \" \/><\/td>\n<td>Hor\u00e1rio de funcionamento: 12:00 hs \u00e0s 18:00 hs<\/td>\n<\/tr>\n<\/tbody>\n<\/table>\n<\/td>\n<\/tr>\n<\/tbody>\n<\/table>\n<\/td>\n<\/tr>\n<\/tbody>\n<\/table>\n<p>Ou utilize o formul\u00e1rio abaixo:<\/p>\n<div class=\"wpcf7 no-js\" id=\"wpcf7-f590-o1\" lang=\"pt-BR\" dir=\"ltr\">\n<div class=\"screen-reader-response\"><p role=\"status\" aria-live=\"polite\" aria-atomic=\"true\"><\/p> <ul><\/ul><\/div>\n<form action=\"\/site\/wp-json\/wp\/v2\/pages\/2#wpcf7-f590-o1\" method=\"post\" class=\"wpcf7-form init\" aria-label=\"Formul\u00e1rios de contato\" novalidate=\"novalidate\" data-status=\"init\">\n<div style=\"display: none;\">\n<input type=\"hidden\" name=\"_wpcf7\" value=\"590\" \/>\n<input type=\"hidden\" name=\"_wpcf7_version\" value=\"5.7.1\" \/>\n<input type=\"hidden\" name=\"_wpcf7_locale\" value=\"pt_BR\" \/>\n<input type=\"hidden\" name=\"_wpcf7_unit_tag\" value=\"wpcf7-f590-o1\" \/>\n<input type=\"hidden\" name=\"_wpcf7_container_post\" value=\"0\" \/>\n<input type=\"hidden\" name=\"_wpcf7_posted_data_hash\" value=\"\" \/>\n<\/div>\n<p>Seu nome (obrigat\u00f3rio)\n<\/p>\n<p><span class=\"wpcf7-form-control-wrap\" data-name=\"your-name\"><input size=\"40\" class=\"wpcf7-form-control wpcf7-text wpcf7-validates-as-required\" aria-required=\"true\" aria-invalid=\"false\" value=\"\" type=\"text\" name=\"your-name\" \/><\/span>\n<\/p>\n<p>Seu e-mail (obrigat\u00f3rio)\n<\/p>\n<p><span class=\"wpcf7-form-control-wrap\" data-name=\"your-email\"><input size=\"40\" class=\"wpcf7-form-control wpcf7-text wpcf7-email wpcf7-validates-as-required wpcf7-validates-as-email\" aria-required=\"true\" aria-invalid=\"false\" value=\"\" type=\"email\" name=\"your-email\" \/><\/span>\n<\/p>\n<p>Assunto\n<\/p>\n<p><span class=\"wpcf7-form-control-wrap\" data-name=\"your-subject\"><input size=\"40\" class=\"wpcf7-form-control wpcf7-text wpcf7-validates-as-required\" aria-required=\"true\" aria-invalid=\"false\" value=\"\" type=\"text\" name=\"your-subject\" \/><\/span>\n<\/p>\n<p>Sua mensagem\n<\/p>\n<p><span class=\"wpcf7-form-control-wrap\" data-name=\"your-message\"><textarea cols=\"40\" rows=\"10\" class=\"wpcf7-form-control wpcf7-textarea\" aria-invalid=\"false\" name=\"your-message\"><\/textarea><\/span>\n<\/p>\n<p><input class=\"wpcf7-form-control has-spinner wpcf7-submit\" type=\"submit\" value=\"Enviar\" \/>\n<\/p><div class=\"wpcf7-response-output\" aria-hidden=\"true\"><\/div><\/form><\/div>\n","protected":false},"excerpt":{"rendered":"<p>Fale com a C\u00e2mara Pra\u00e7a Dona Sinh\u00e1, 269 Centro Guaran\u00e9sia Minas Gerais 37.810-000 camaraguaranesia@gmail.com.br (35) 3555-1349 http:\/\/www.camaraguaranesia.mg.gov.br https:\/\/www.facebook.com\/camaraguaranesia\/ https:\/\/www.instagram.com\/camaraguaranesia\/ Hor\u00e1rio de funcionamento: 12:00 hs \u00e0s 18:00 hs Ou utilize o formul\u00e1rio abaixo:<\/p>\n","protected":false},"author":1,"featured_media":0,"parent":0,"menu_order":0,"comment_status":"open","ping_status":"closed","template":"","meta":[],"_links":{"self":[{"href":"https:\/\/camaraguaranesia.mg.gov.br\/site\/wp-json\/wp\/v2\/pages\/2"}],"collection":[{"href":"https:\/\/camaraguaranesia.mg.gov.br\/site\/wp-json\/wp\/v2\/pages"}],"about":[{"href":"https:\/\/camaraguaranesia.mg.gov.br\/site\/wp-json\/wp\/v2\/types\/page"}],"author":[{"embeddable":true,"href":"https:\/\/camaraguaranesia.mg.gov.br\/site\/wp-json\/wp\/v2\/users\/1"}],"replies":[{"embeddable":true,"href":"https:\/\/camaraguaranesia.mg.gov.br\/site\/wp-json\/wp\/v2\/comments?post=2"}],"version-history":[{"count":8,"href":"https:\/\/camaraguaranesia.mg.gov.br\/site\/wp-json\/wp\/v2\/pages\/2\/revisions"}],"predecessor-version":[{"id":3891,"href":"https:\/\/camaraguaranesia.mg.gov.br\/site\/wp-json\/wp\/v2\/pages\/2\/revisions\/3891"}],"wp:attachment":[{"href":"https:\/\/camaraguaranesia.mg.gov.br\/site\/wp-json\/wp\/v2\/media?parent=2"}],"curies":[{"name":"wp","href":"https:\/\/api.w.org\/{rel}","templated":true}]}}