{"id":3142,"date":"2021-05-28T23:06:34","date_gmt":"2021-05-28T23:06:34","guid":{"rendered":"http:\/\/www.camaraguaranesia.mg.gov.br\/site\/?page_id=3142"},"modified":"2021-05-28T23:06:34","modified_gmt":"2021-05-28T23:06:34","slug":"audiencia-publica-referente-ao-1o-quadrimestre-de-2021","status":"publish","type":"page","link":"https:\/\/camaraguaranesia.mg.gov.br\/site\/audiencia-publica-referente-ao-1o-quadrimestre-de-2021\/","title":{"rendered":"Audi\u00eancia P\u00fablica referente ao 1\u00ba quadrimestre de 2021"},"content":{"rendered":"<p>Clique no link abaixo para visualizar os arquivos em PDF.<\/p>\n<p><a href=\"http:\/\/www.camaraguaranesia.mg.gov.br\/site\/wp-content\/uploads\/2021\/05\/PDF-AUDI\u00caNCIA-P\u00daBLICA-Guaran\u00e9sia-1\u00ba-Quadrimestre-2021.pdf\" target=\"_blank\" rel=\"noopener noreferrer\">PDF &#8211; AUDI\u00caNCIA P\u00daBLICA &#8211; Guaran\u00e9sia &#8211; 1\u00ba Quadrimestre 2021<\/a><\/p>\n","protected":false},"excerpt":{"rendered":"<p>Clique no link abaixo para visualizar os arquivos em PDF. PDF &#8211; AUDI\u00caNCIA P\u00daBLICA &#8211; Guaran\u00e9sia &#8211; 1\u00ba Quadrimestre 2021<\/p>\n","protected":false},"author":1,"featured_media":0,"parent":0,"menu_order":0,"comment_status":"closed","ping_status":"closed","template":"","meta":[],"_links":{"self":[{"href":"https:\/\/camaraguaranesia.mg.gov.br\/site\/wp-json\/wp\/v2\/pages\/3142"}],"collection":[{"href":"https:\/\/camaraguaranesia.mg.gov.br\/site\/wp-json\/wp\/v2\/pages"}],"about":[{"href":"https:\/\/camaraguaranesia.mg.gov.br\/site\/wp-json\/wp\/v2\/types\/page"}],"author":[{"embeddable":true,"href":"https:\/\/camaraguaranesia.mg.gov.br\/site\/wp-json\/wp\/v2\/users\/1"}],"replies":[{"embeddable":true,"href":"https:\/\/camaraguaranesia.mg.gov.br\/site\/wp-json\/wp\/v2\/comments?post=3142"}],"version-history":[{"count":1,"href":"https:\/\/camaraguaranesia.mg.gov.br\/site\/wp-json\/wp\/v2\/pages\/3142\/revisions"}],"predecessor-version":[{"id":3144,"href":"https:\/\/camaraguaranesia.mg.gov.br\/site\/wp-json\/wp\/v2\/pages\/3142\/revisions\/3144"}],"wp:attachment":[{"href":"https:\/\/camaraguaranesia.mg.gov.br\/site\/wp-json\/wp\/v2\/media?parent=3142"}],"curies":[{"name":"wp","href":"https:\/\/api.w.org\/{rel}","templated":true}]}}